{"id":58,"date":"2023-02-28T19:51:24","date_gmt":"2023-02-28T18:51:24","guid":{"rendered":"https:\/\/augea.be\/?page_id=58"},"modified":"2023-03-22T10:20:48","modified_gmt":"2023-03-22T09:20:48","slug":"nos-offres-d-emploi","status":"publish","type":"page","link":"https:\/\/augea.be\/index.php\/nos-offres-d-emploi\/","title":{"rendered":"Nos offres d&#8217;emploi"},"content":{"rendered":"<p>Vous \u00eates en recherche d&rsquo;un emploi? Construisons ensemble votre nouvelle exp\u00e9rience professionnelle. <span style=\"color: #00bfba; font-family: 'Sansation Bold', arial;\">Augea<\/span> est \u00e0 votre \u00e9coute et vous accompagne dans votre recherche. Bienvenue \u00e0 bord!<\/p>\n","protected":false},"excerpt":{"rendered":"<p>Vous \u00eates en recherche d&rsquo;un emploi? Construisons ensemble votre nouvelle exp\u00e9rience professionnelle. Augea est \u00e0 votre \u00e9coute et vous accompagne &#8230;<\/p>\n","protected":false},"author":1,"featured_media":0,"parent":0,"menu_order":2,"comment_status":"closed","ping_status":"closed","template":"tp_jobs.php","meta":{"footnotes":""},"class_list":["post-58","page","type-page","status-publish","hentry"],"acf":[],"_links":{"self":[{"href":"https:\/\/augea.be\/index.php\/wp-json\/wp\/v2\/pages\/58","targetHints":{"allow":["GET"]}}],"collection":[{"href":"https:\/\/augea.be\/index.php\/wp-json\/wp\/v2\/pages"}],"about":[{"href":"https:\/\/augea.be\/index.php\/wp-json\/wp\/v2\/types\/page"}],"author":[{"embeddable":true,"href":"https:\/\/augea.be\/index.php\/wp-json\/wp\/v2\/users\/1"}],"replies":[{"embeddable":true,"href":"https:\/\/augea.be\/index.php\/wp-json\/wp\/v2\/comments?post=58"}],"version-history":[{"count":9,"href":"https:\/\/augea.be\/index.php\/wp-json\/wp\/v2\/pages\/58\/revisions"}],"predecessor-version":[{"id":201,"href":"https:\/\/augea.be\/index.php\/wp-json\/wp\/v2\/pages\/58\/revisions\/201"}],"wp:attachment":[{"href":"https:\/\/augea.be\/index.php\/wp-json\/wp\/v2\/media?parent=58"}],"curies":[{"name":"wp","href":"https:\/\/api.w.org\/{rel}","templated":true}]}}