{"id":98,"date":"2023-02-28T21:36:42","date_gmt":"2023-02-28T20:36:42","guid":{"rendered":"https:\/\/augea.be\/?page_id=98"},"modified":"2023-03-10T14:03:51","modified_gmt":"2023-03-10T13:03:51","slug":"nos-valeurs","status":"publish","type":"page","link":"https:\/\/augea.be\/index.php\/nos-valeurs\/","title":{"rendered":"Nos valeurs"},"content":{"rendered":"<div style=\"text-align: center;\">\n<p><span style=\"color: #00bfba;\"><strong>Le respect de nos valeurs garantit la r\u00e9ussite de vos projets.<\/strong><\/span><\/p>\n<p>L\u2019engagement envers nos valeurs et ce qu\u2019elles impliquent, fond\u00e9e sur des convictions fortes incluses \u00e0 notre mode de fonctionnement, nous permet de nous distinguer.<\/p>\n<p><span style=\"color: #00bfba;\"><strong>L\u2019EXCELLENCE<\/strong><\/span><\/p>\n<p>Gage de savoir-faire et de professionnalisme au quotidien, elle stimule notre performance, qui se traduit par une volont\u00e9 permanente de concevoir des solutions sur mesure, d\u2019apporter et proposer des services de qualit\u00e9 parfaitement adapt\u00e9s pour satisfaire les attentes de nos clients et de nos candidats.<\/p>\n<p><span style=\"color: #00bfba;\"><strong>LA PASSION<\/strong><\/span><\/p>\n<p>La passion, valeur essentielle qui nous anime et nous motive, se ressent dans chacune de nos interventions.\u00a0Nous croyons en ce que nous faisons et sommes investis et d\u00e9termin\u00e9s \u00e0 relever de nouveaux d\u00e9fis,\u00a0\u00e0\u00a0atteindre\u00a0nos objectifs et d\u00e9ployer du plaisir et de l\u2019enthousiasme pour les r\u00e9aliser.<\/p>\n<p><span style=\"color: #00bfba;\"><strong>L\u2019\u00c9COUTE<\/strong><\/span><\/p>\n<p>L\u2019\u00e9coute est indispensable pour comprendre le contexte, vos besoins, vos enjeux et vos attentes et pr\u00e9f\u00e9rences, vos objectifs et motivations afin de pouvoir vous pr\u00e9coniser des solutions personnalis\u00e9es et vous conseiller au mieux sur votre projet et votre d\u00e9veloppement professionnel ou personnel.<\/p>\n<p><span style=\"color: #00bfba;\"><strong>LE RESPECT<\/strong><\/span><\/p>\n<p>Nous traitons avec consid\u00e9ration chaque personne et sommes respectueux envers nos clients et candidats quelle que soit la situation, sans jugement et sans \u00e9gard de leurs choix, de leurs valeurs ou de leurs \u00e9motions. Cette attitude positive et bienveillante, encourage une relation saine et loyale et favorise des interventions efficientes et efficaces, dans un esprit et perspective de long terme.<\/p>\n<p>&nbsp;<\/p>\n<\/div>\n","protected":false},"excerpt":{"rendered":"<p>Le respect de nos valeurs garantit la r\u00e9ussite de vos projets. L\u2019engagement envers nos valeurs et ce qu\u2019elles impliquent, fond\u00e9e &#8230;<\/p>\n","protected":false},"author":1,"featured_media":123,"parent":0,"menu_order":1,"comment_status":"closed","ping_status":"closed","template":"","meta":{"footnotes":""},"class_list":["post-98","page","type-page","status-publish","has-post-thumbnail","hentry"],"acf":[],"_links":{"self":[{"href":"https:\/\/augea.be\/index.php\/wp-json\/wp\/v2\/pages\/98","targetHints":{"allow":["GET"]}}],"collection":[{"href":"https:\/\/augea.be\/index.php\/wp-json\/wp\/v2\/pages"}],"about":[{"href":"https:\/\/augea.be\/index.php\/wp-json\/wp\/v2\/types\/page"}],"author":[{"embeddable":true,"href":"https:\/\/augea.be\/index.php\/wp-json\/wp\/v2\/users\/1"}],"replies":[{"embeddable":true,"href":"https:\/\/augea.be\/index.php\/wp-json\/wp\/v2\/comments?post=98"}],"version-history":[{"count":5,"href":"https:\/\/augea.be\/index.php\/wp-json\/wp\/v2\/pages\/98\/revisions"}],"predecessor-version":[{"id":143,"href":"https:\/\/augea.be\/index.php\/wp-json\/wp\/v2\/pages\/98\/revisions\/143"}],"wp:featuredmedia":[{"embeddable":true,"href":"https:\/\/augea.be\/index.php\/wp-json\/wp\/v2\/media\/123"}],"wp:attachment":[{"href":"https:\/\/augea.be\/index.php\/wp-json\/wp\/v2\/media?parent=98"}],"curies":[{"name":"wp","href":"https:\/\/api.w.org\/{rel}","templated":true}]}}